{"id":174,"date":"2025-05-04T22:55:58","date_gmt":"2025-05-04T22:55:58","guid":{"rendered":"https:\/\/delicate-ibex.10web.me\/sobre-nosotros\/"},"modified":"2025-05-30T13:45:05","modified_gmt":"2025-05-30T11:45:05","slug":"sobre-nosotros","status":"publish","type":"page","link":"https:\/\/emiratesmotors.es\/index.php\/sobre-nosotros\/","title":{"rendered":"Sobre nosotros"},"content":{"rendered":"\t\t<div data-elementor-type=\"wp-page\" data-elementor-id=\"174\" class=\"elementor elementor-174\">\n\t\t\t\t<div class=\"elementor-element elementor-element-bb11h1rt twbb_section e-flex e-con-boxed e-con e-parent\" data-id=\"bb11h1rt\" data-element_type=\"container\" id=\"emirates-motors-your-gateway-to-luxury-vehicles\">\n\t\t\t\t\t<div class=\"e-con-inner\">\n\t\t\t\t<div class=\"elementor-element elementor-element-02delwee elementor-widget__width-initial elementor-widget-mobile__width-inherit elementor-widget-tablet__width-initial elementor-widget elementor-widget-image\" data-id=\"02delwee\" data-element_type=\"widget\" data-widget_type=\"image.default\">\n\t\t\t\t<div class=\"elementor-widget-container\">\n\t\t\t\t\t\t\t\t\t\t\t\t\t\t\t<img fetchpriority=\"high\" decoding=\"async\" width=\"1536\" height=\"1024\" src=\"https:\/\/emiratesmotors.es\/wp-content\/uploads\/2025\/05\/Emirates-Motors-lujo.png\" class=\"attachment-full size-full wp-image-269\" alt=\"\" srcset=\"https:\/\/emiratesmotors.es\/wp-content\/uploads\/2025\/05\/Emirates-Motors-lujo.png 1536w, https:\/\/emiratesmotors.es\/wp-content\/uploads\/2025\/05\/Emirates-Motors-lujo-300x200.png 300w, https:\/\/emiratesmotors.es\/wp-content\/uploads\/2025\/05\/Emirates-Motors-lujo-1024x683.png 1024w, https:\/\/emiratesmotors.es\/wp-content\/uploads\/2025\/05\/Emirates-Motors-lujo-768x512.png 768w\" sizes=\"(max-width: 1536px) 100vw, 1536px\" \/>\t\t\t\t\t\t\t\t\t\t\t\t\t\t\t<\/div>\n\t\t\t\t<\/div>\n\t\t<div class=\"elementor-element elementor-element-cn9awpc5 e-con-full e-flex e-con e-child\" data-id=\"cn9awpc5\" data-element_type=\"container\">\n\t\t\t\t<div class=\"elementor-element elementor-element-m6a6o1s6 elementor-widget__width-initial elementor-widget-mobile__width-inherit elementor-widget-tablet__width-initial elementor-invisible elementor-widget elementor-widget-text-editor\" data-id=\"m6a6o1s6\" data-element_type=\"widget\" data-settings=\"{&quot;_animation&quot;:&quot;fadeInUp&quot;}\" data-widget_type=\"text-editor.default\">\n\t\t\t\t<div class=\"elementor-widget-container\">\n\t\t\t\t\t\t\t\t\t<p class=\"\" data-start=\"191\" data-end=\"462\">En Emirates Motors creemos que conducir un coche excepcional no deber\u00eda ser un privilegio inalcanzable.<br data-start=\"294\" data-end=\"297\" \/>Nuestro objetivo es facilitar el acceso a veh\u00edculos exclusivos procedentes de Dub\u00e1i, seleccionando cada unidad con criterio, transparencia y pasi\u00f3n por el autom\u00f3vil.<\/p><p class=\"\" data-start=\"464\" data-end=\"748\">Apostamos por un modelo de negocio honesto, \u00e1gil y orientado al cliente, donde cada compra sea una experiencia satisfactoria y sin sorpresas.<br data-start=\"605\" data-end=\"608\" \/>Nuestro compromiso es ofrecer coches de calidad, con todos los tr\u00e1mites necesarios resueltos, listos para disfrutar desde el primer momento.<\/p><p class=\"\" data-start=\"750\" data-end=\"899\">Estamos en plena fase de crecimiento y construcci\u00f3n de relaciones duraderas con nuestros clientes. Queremos ganarnos su confianza con cada operaci\u00f3n.<\/p>\t\t\t\t\t\t\t\t<\/div>\n\t\t\t\t<\/div>\n\t\t<div class=\"elementor-element elementor-element-a2nyxcky e-con-full e-flex e-con e-child\" data-id=\"a2nyxcky\" data-element_type=\"container\">\n\t\t<div class=\"elementor-element elementor-element-wgyso2ku e-con-full e-flex e-con e-child\" data-id=\"wgyso2ku\" data-element_type=\"container\">\n\t\t\t\t<div class=\"elementor-element elementor-element-9qjqxg5q elementor-widget__width-auto elementor-widget-mobile__width-auto elementor-widget-tablet__width-initial elementor-widget elementor-widget-counter\" data-id=\"9qjqxg5q\" data-element_type=\"widget\" data-widget_type=\"counter.default\">\n\t\t\t\t<div class=\"elementor-widget-container\">\n\t\t\t\t\t\t\t<div class=\"elementor-counter\">\n\t\t\t\t\t\t<div class=\"elementor-counter-number-wrapper\">\n\t\t\t\t<span class=\"elementor-counter-number-prefix\"><\/span>\n\t\t\t\t<span class=\"elementor-counter-number\" data-duration=\"2000\" data-to-value=\"2025\" data-from-value=\"2000\">2000<\/span>\n\t\t\t\t<span class=\"elementor-counter-number-suffix\"><\/span>\n\t\t\t<\/div>\n\t\t<\/div>\n\t\t\t\t\t\t<\/div>\n\t\t\t\t<\/div>\n\t\t\t\t<div class=\"elementor-element elementor-element-3ouzgp3i elementor-widget__width-initial elementor-widget-mobile__width-inherit elementor-widget-tablet__width-initial elementor-invisible elementor-widget elementor-widget-text-editor\" data-id=\"3ouzgp3i\" data-element_type=\"widget\" data-settings=\"{&quot;_animation&quot;:&quot;fadeInUp&quot;}\" data-widget_type=\"text-editor.default\">\n\t\t\t\t<div class=\"elementor-widget-container\">\n\t\t\t\t\t\t\t\t\t<p>Un nuevo est\u00e1ndar en la importaci\u00f3n de veh\u00edculos de lujo.<br data-start=\"197\" data-end=\"200\" \/>Desde Dub\u00e1i a Espa\u00f1a, sin complicaciones ni sorpresas.<br data-start=\"258\" data-end=\"261\" \/>Calidad, confianza y pasi\u00f3n por el autom\u00f3vil.<\/p>\t\t\t\t\t\t\t\t<\/div>\n\t\t\t\t<\/div>\n\t\t\t\t<\/div>\n\t\t<div class=\"elementor-element elementor-element-jqn19x4o e-con-full e-flex e-con e-child\" data-id=\"jqn19x4o\" data-element_type=\"container\">\n\t\t\t\t<div class=\"elementor-element elementor-element-8k50dgs9 elementor-widget__width-auto elementor-widget-mobile__width-auto elementor-widget-tablet__width-initial elementor-widget elementor-widget-counter\" data-id=\"8k50dgs9\" data-element_type=\"widget\" data-widget_type=\"counter.default\">\n\t\t\t\t<div class=\"elementor-widget-container\">\n\t\t\t\t\t\t\t<div class=\"elementor-counter\">\n\t\t\t\t\t\t<div class=\"elementor-counter-number-wrapper\">\n\t\t\t\t<span class=\"elementor-counter-number-prefix\">+<\/span>\n\t\t\t\t<span class=\"elementor-counter-number\" data-duration=\"2000\" data-to-value=\"5000\" data-from-value=\"100\">100<\/span>\n\t\t\t\t<span class=\"elementor-counter-number-suffix\"><\/span>\n\t\t\t<\/div>\n\t\t<\/div>\n\t\t\t\t\t\t<\/div>\n\t\t\t\t<\/div>\n\t\t\t\t<div class=\"elementor-element elementor-element-g6042fkt elementor-widget__width-initial elementor-widget-mobile__width-inherit elementor-widget-tablet__width-initial elementor-invisible elementor-widget elementor-widget-text-editor\" data-id=\"g6042fkt\" data-element_type=\"widget\" data-settings=\"{&quot;_animation&quot;:&quot;fadeInUp&quot;}\" data-widget_type=\"text-editor.default\">\n\t\t\t\t<div class=\"elementor-widget-container\">\n\t\t\t\t\t\t\t\t\t<p>Veh\u00edculos seleccionados en el mercado de Dub\u00e1i.<br data-start=\"246\" data-end=\"249\" \/>Unidades revisadas, con historial verificado.<br data-start=\"298\" data-end=\"301\" \/>Solo coches con potencial real para Europa.<\/p>\t\t\t\t\t\t\t\t<\/div>\n\t\t\t\t<\/div>\n\t\t\t\t<\/div>\n\t\t\t\t<\/div>\n\t\t<div class=\"elementor-element elementor-element-mw3nos72 e-con-full e-flex e-con e-child\" data-id=\"mw3nos72\" data-element_type=\"container\">\n\t\t<div class=\"elementor-element elementor-element-2bopk86g e-con-full e-flex e-con e-child\" data-id=\"2bopk86g\" data-element_type=\"container\">\n\t\t\t\t<\/div>\n\t\t<div class=\"elementor-element elementor-element-0n8ymy8z e-con-full e-flex e-con e-child\" data-id=\"0n8ymy8z\" data-element_type=\"container\">\n\t\t\t\t<\/div>\n\t\t\t\t<\/div>\n\t\t\t\t<\/div>\n\t\t\t\t\t<\/div>\n\t\t\t\t<\/div>\n\t\t\t\t<\/div>\n\t\t","protected":false},"excerpt":{"rendered":"<p>En Emirates Motors creemos que conducir un coche excepcional no deber\u00eda ser un privilegio inalcanzable.Nuestro objetivo es facilitar el acceso [&hellip;]<\/p>\n","protected":false},"author":2,"featured_media":0,"parent":0,"menu_order":0,"comment_status":"closed","ping_status":"publish","template":"","meta":{"site-sidebar-layout":"no-sidebar","site-content-layout":"","ast-site-content-layout":"full-width-container","site-content-style":"default","site-sidebar-style":"default","ast-global-header-display":"","ast-banner-title-visibility":"","ast-main-header-display":"","ast-hfb-above-header-display":"","ast-hfb-below-header-display":"","ast-hfb-mobile-header-display":"","site-post-title":"disabled","ast-breadcrumbs-content":"","ast-featured-img":"disabled","footer-sml-layout":"","theme-transparent-header-meta":"","adv-header-id-meta":"","stick-header-meta":"","header-above-stick-meta":"","header-main-stick-meta":"","header-below-stick-meta":"","astra-migrate-meta-layouts":"default","ast-page-background-enabled":"default","ast-page-background-meta":{"desktop":{"background-color":"var(--ast-global-color-5)","background-image":"","background-repeat":"repeat","background-position":"center center","background-size":"auto","background-attachment":"scroll","background-type":"","background-media":"","overlay-type":"","overlay-color":"","overlay-opacity":"","overlay-gradient":""},"tablet":{"background-color":"","background-image":"","background-repeat":"repeat","background-position":"center center","background-size":"auto","background-attachment":"scroll","background-type":"","background-media":"","overlay-type":"","overlay-color":"","overlay-opacity":"","overlay-gradient":""},"mobile":{"background-color":"","background-image":"","background-repeat":"repeat","background-position":"center center","background-size":"auto","background-attachment":"scroll","background-type":"","background-media":"","overlay-type":"","overlay-color":"","overlay-opacity":"","overlay-gradient":""}},"ast-content-background-meta":{"desktop":{"background-color":"var(--ast-global-color-4)","background-image":"","background-repeat":"repeat","background-position":"center center","background-size":"auto","background-attachment":"scroll","background-type":"","background-media":"","overlay-type":"","overlay-color":"","overlay-opacity":"","overlay-gradient":""},"tablet":{"background-color":"var(--ast-global-color-4)","background-image":"","background-repeat":"repeat","background-position":"center center","background-size":"auto","background-attachment":"scroll","background-type":"","background-media":"","overlay-type":"","overlay-color":"","overlay-opacity":"","overlay-gradient":""},"mobile":{"background-color":"var(--ast-global-color-4)","background-image":"","background-repeat":"repeat","background-position":"center center","background-size":"auto","background-attachment":"scroll","background-type":"","background-media":"","overlay-type":"","overlay-color":"","overlay-opacity":"","overlay-gradient":""}},"footnotes":""},"class_list":["post-174","page","type-page","status-publish","hentry"],"_links":{"self":[{"href":"https:\/\/emiratesmotors.es\/index.php\/wp-json\/wp\/v2\/pages\/174","targetHints":{"allow":["GET"]}}],"collection":[{"href":"https:\/\/emiratesmotors.es\/index.php\/wp-json\/wp\/v2\/pages"}],"about":[{"href":"https:\/\/emiratesmotors.es\/index.php\/wp-json\/wp\/v2\/types\/page"}],"author":[{"embeddable":true,"href":"https:\/\/emiratesmotors.es\/index.php\/wp-json\/wp\/v2\/users\/2"}],"replies":[{"embeddable":true,"href":"https:\/\/emiratesmotors.es\/index.php\/wp-json\/wp\/v2\/comments?post=174"}],"version-history":[{"count":6,"href":"https:\/\/emiratesmotors.es\/index.php\/wp-json\/wp\/v2\/pages\/174\/revisions"}],"predecessor-version":[{"id":280,"href":"https:\/\/emiratesmotors.es\/index.php\/wp-json\/wp\/v2\/pages\/174\/revisions\/280"}],"wp:attachment":[{"href":"https:\/\/emiratesmotors.es\/index.php\/wp-json\/wp\/v2\/media?parent=174"}],"curies":[{"name":"wp","href":"https:\/\/api.w.org\/{rel}","templated":true}]}}