{"id":175,"date":"2025-05-04T22:55:58","date_gmt":"2025-05-04T22:55:58","guid":{"rendered":"https:\/\/delicate-ibex.10web.me\/servicios\/"},"modified":"2025-05-30T13:45:38","modified_gmt":"2025-05-30T11:45:38","slug":"servicios","status":"publish","type":"page","link":"https:\/\/emiratesmotors.es\/index.php\/servicios\/","title":{"rendered":"Servicios"},"content":{"rendered":"\t\t<div data-elementor-type=\"wp-page\" data-elementor-id=\"175\" class=\"elementor elementor-175\">\n\t\t\t\t<div class=\"elementor-element elementor-element-6zd7ck97 twbb_section e-flex e-con-boxed e-con e-parent\" data-id=\"6zd7ck97\" data-element_type=\"container\" id=\"vehicle-import-process\">\n\t\t\t\t\t<div class=\"e-con-inner\">\n\t\t<div class=\"elementor-element elementor-element-47of2int e-con-full e-flex e-con e-child\" data-id=\"47of2int\" data-element_type=\"container\">\n\t\t\t\t<div class=\"elementor-element elementor-element-6yyuwbnx elementor-widget__width-initial elementor-widget-mobile__width-inherit elementor-widget-tablet__width-initial elementor-invisible elementor-widget elementor-widget-text-editor\" data-id=\"6yyuwbnx\" data-element_type=\"widget\" data-settings=\"{&quot;_animation&quot;:&quot;fadeInUp&quot;}\" data-widget_type=\"text-editor.default\">\n\t\t\t\t<div class=\"elementor-widget-container\">\n\t\t\t\t\t\t\t\t\t<p class=\"\" data-start=\"106\" data-end=\"395\">En <strong>Emirates Motors<\/strong> ofrecemos un servicio integral de importaci\u00f3n de veh\u00edculos desde Dub\u00e1i para <strong data-start=\"201\" data-end=\"233\">profesionales y particulares<\/strong>.<br data-start=\"234\" data-end=\"237\" \/>Gestionamos todo el proceso de forma transparente y eficiente: selecci\u00f3n del veh\u00edculo, transporte, aduanas, homologaci\u00f3n, impuestos y matriculaci\u00f3n en Espa\u00f1a.<\/p><p class=\"\" data-start=\"397\" data-end=\"567\">Nuestro enfoque es <strong data-start=\"416\" data-end=\"424\">360\u00ba<\/strong>, pensado para que no tengas que preocuparte por ning\u00fan tr\u00e1mite ni detalle t\u00e9cnico. Solo tienes que elegir el coche; nosotros hacemos el resto.<\/p><p class=\"\" data-start=\"569\" data-end=\"731\">Tambi\u00e9n ofrecemos un <strong data-start=\"590\" data-end=\"641\">servicio de alquiler de veh\u00edculos seleccionados<\/strong>, ideal para quienes buscan disfrutar de una experiencia premium sin compromiso de compra.<\/p>\t\t\t\t\t\t\t\t<\/div>\n\t\t\t\t<\/div>\n\t\t<div class=\"elementor-element elementor-element-njq3ok27 e-con-full e-flex e-con e-child\" data-id=\"njq3ok27\" data-element_type=\"container\">\n\t\t<div class=\"elementor-element elementor-element-h7f3tz07 e-con-full e-flex e-con e-child\" data-id=\"h7f3tz07\" data-element_type=\"container\">\n\t\t\t\t<div class=\"elementor-element elementor-element-75btf2so elementor-widget__width-auto elementor-widget-mobile__width-auto elementor-widget-tablet__width-initial elementor-widget elementor-widget-counter\" data-id=\"75btf2so\" data-element_type=\"widget\" data-widget_type=\"counter.default\">\n\t\t\t\t<div class=\"elementor-widget-container\">\n\t\t\t\t\t\t\t<div class=\"elementor-counter\">\n\t\t\t\t\t\t<div class=\"elementor-counter-number-wrapper\">\n\t\t\t\t<span class=\"elementor-counter-number-prefix\"><\/span>\n\t\t\t\t<span class=\"elementor-counter-number\" data-duration=\"2000\" data-to-value=\"100\" data-from-value=\"0\">0<\/span>\n\t\t\t\t<span class=\"elementor-counter-number-suffix\"> %<\/span>\n\t\t\t<\/div>\n\t\t<\/div>\n\t\t\t\t\t\t<\/div>\n\t\t\t\t<\/div>\n\t\t\t\t<div class=\"elementor-element elementor-element-56muvipu elementor-widget__width-initial elementor-widget-mobile__width-inherit elementor-widget-tablet__width-initial elementor-invisible elementor-widget elementor-widget-text-editor\" data-id=\"56muvipu\" data-element_type=\"widget\" data-settings=\"{&quot;_animation&quot;:&quot;fadeInUp&quot;}\" data-widget_type=\"text-editor.default\">\n\t\t\t\t<div class=\"elementor-widget-container\">\n\t\t\t\t\t\t\t\t\t<p><strong data-start=\"126\" data-end=\"174\">Gesti\u00f3n completa del proceso de importaci\u00f3n.<\/strong><br data-start=\"174\" data-end=\"177\" \/><strong data-start=\"177\" data-end=\"225\">Transparencia, legalidad y compromiso total.<\/strong><\/p>\t\t\t\t\t\t\t\t<\/div>\n\t\t\t\t<\/div>\n\t\t\t\t<\/div>\n\t\t<div class=\"elementor-element elementor-element-v3jv3wsf e-con-full e-flex e-con e-child\" data-id=\"v3jv3wsf\" data-element_type=\"container\">\n\t\t\t\t<div class=\"elementor-element elementor-element-p7vwn19v elementor-widget__width-auto elementor-widget-mobile__width-auto elementor-widget-tablet__width-initial elementor-widget elementor-widget-counter\" data-id=\"p7vwn19v\" data-element_type=\"widget\" data-widget_type=\"counter.default\">\n\t\t\t\t<div class=\"elementor-widget-container\">\n\t\t\t\t\t\t\t<div class=\"elementor-counter\">\n\t\t\t\t\t\t<div class=\"elementor-counter-number-wrapper\">\n\t\t\t\t<span class=\"elementor-counter-number-prefix\">+<\/span>\n\t\t\t\t<span class=\"elementor-counter-number\" data-duration=\"2000\" data-to-value=\"5000\" data-from-value=\"0\">0<\/span>\n\t\t\t\t<span class=\"elementor-counter-number-suffix\"> <\/span>\n\t\t\t<\/div>\n\t\t<\/div>\n\t\t\t\t\t\t<\/div>\n\t\t\t\t<\/div>\n\t\t\t\t<div class=\"elementor-element elementor-element-ud513cc9 elementor-widget__width-initial elementor-widget-mobile__width-inherit elementor-widget-tablet__width-initial elementor-invisible elementor-widget elementor-widget-text-editor\" data-id=\"ud513cc9\" data-element_type=\"widget\" data-settings=\"{&quot;_animation&quot;:&quot;fadeInUp&quot;}\" data-widget_type=\"text-editor.default\">\n\t\t\t\t<div class=\"elementor-widget-container\">\n\t\t\t\t\t\t\t\t\t<p><strong data-start=\"84\" data-end=\"135\">Acceso a uno de los mayores mercados del mundo.<\/strong><br data-start=\"135\" data-end=\"138\" \/><strong data-start=\"138\" data-end=\"191\">M\u00e1s de 5.000 veh\u00edculos disponibles para importar.<\/strong><\/p>\t\t\t\t\t\t\t\t<\/div>\n\t\t\t\t<\/div>\n\t\t\t\t<\/div>\n\t\t\t\t<\/div>\n\t\t\t\t<\/div>\n\t\t\t\t<div class=\"elementor-element elementor-element-ejc4joli elementor-widget__width-initial elementor-widget-mobile__width-inherit elementor-widget-tablet__width-initial elementor-widget elementor-widget-image\" data-id=\"ejc4joli\" data-element_type=\"widget\" data-widget_type=\"image.default\">\n\t\t\t\t<div class=\"elementor-widget-container\">\n\t\t\t\t\t\t\t\t\t\t\t\t\t\t\t<img fetchpriority=\"high\" decoding=\"async\" width=\"1536\" height=\"1024\" src=\"https:\/\/emiratesmotors.es\/wp-content\/uploads\/2025\/05\/Importacion-de-vehiculos-de-lujo-Dubai.png\" class=\"attachment-full size-full wp-image-270\" alt=\"\" srcset=\"https:\/\/emiratesmotors.es\/wp-content\/uploads\/2025\/05\/Importacion-de-vehiculos-de-lujo-Dubai.png 1536w, https:\/\/emiratesmotors.es\/wp-content\/uploads\/2025\/05\/Importacion-de-vehiculos-de-lujo-Dubai-300x200.png 300w, https:\/\/emiratesmotors.es\/wp-content\/uploads\/2025\/05\/Importacion-de-vehiculos-de-lujo-Dubai-1024x683.png 1024w, https:\/\/emiratesmotors.es\/wp-content\/uploads\/2025\/05\/Importacion-de-vehiculos-de-lujo-Dubai-768x512.png 768w\" sizes=\"(max-width: 1536px) 100vw, 1536px\" \/>\t\t\t\t\t\t\t\t\t\t\t\t\t\t\t<\/div>\n\t\t\t\t<\/div>\n\t\t\t\t\t<\/div>\n\t\t\t\t<\/div>\n\t\t<div class=\"elementor-element elementor-element-0cwbeqxc twbb_section e-flex e-con-boxed e-con e-parent\" data-id=\"0cwbeqxc\" data-element_type=\"container\" id=\"sales-and-rental-services\">\n\t\t\t\t\t<div class=\"e-con-inner\">\n\t\t\t\t\t<\/div>\n\t\t\t\t<\/div>\n\t\t\t\t<\/div>\n\t\t","protected":false},"excerpt":{"rendered":"<p>En Emirates Motors ofrecemos un servicio integral de importaci\u00f3n de veh\u00edculos desde Dub\u00e1i para profesionales y particulares.Gestionamos todo el proceso [&hellip;]<\/p>\n","protected":false},"author":2,"featured_media":0,"parent":0,"menu_order":0,"comment_status":"closed","ping_status":"publish","template":"","meta":{"site-sidebar-layout":"no-sidebar","site-content-layout":"","ast-site-content-layout":"full-width-container","site-content-style":"default","site-sidebar-style":"default","ast-global-header-display":"","ast-banner-title-visibility":"","ast-main-header-display":"","ast-hfb-above-header-display":"","ast-hfb-below-header-display":"","ast-hfb-mobile-header-display":"","site-post-title":"disabled","ast-breadcrumbs-content":"","ast-featured-img":"disabled","footer-sml-layout":"","theme-transparent-header-meta":"","adv-header-id-meta":"","stick-header-meta":"","header-above-stick-meta":"","header-main-stick-meta":"","header-below-stick-meta":"","astra-migrate-meta-layouts":"default","ast-page-background-enabled":"default","ast-page-background-meta":{"desktop":{"background-color":"var(--ast-global-color-5)","background-image":"","background-repeat":"repeat","background-position":"center center","background-size":"auto","background-attachment":"scroll","background-type":"","background-media":"","overlay-type":"","overlay-color":"","overlay-opacity":"","overlay-gradient":""},"tablet":{"background-color":"","background-image":"","background-repeat":"repeat","background-position":"center center","background-size":"auto","background-attachment":"scroll","background-type":"","background-media":"","overlay-type":"","overlay-color":"","overlay-opacity":"","overlay-gradient":""},"mobile":{"background-color":"","background-image":"","background-repeat":"repeat","background-position":"center center","background-size":"auto","background-attachment":"scroll","background-type":"","background-media":"","overlay-type":"","overlay-color":"","overlay-opacity":"","overlay-gradient":""}},"ast-content-background-meta":{"desktop":{"background-color":"var(--ast-global-color-4)","background-image":"","background-repeat":"repeat","background-position":"center center","background-size":"auto","background-attachment":"scroll","background-type":"","background-media":"","overlay-type":"","overlay-color":"","overlay-opacity":"","overlay-gradient":""},"tablet":{"background-color":"var(--ast-global-color-4)","background-image":"","background-repeat":"repeat","background-position":"center center","background-size":"auto","background-attachment":"scroll","background-type":"","background-media":"","overlay-type":"","overlay-color":"","overlay-opacity":"","overlay-gradient":""},"mobile":{"background-color":"var(--ast-global-color-4)","background-image":"","background-repeat":"repeat","background-position":"center center","background-size":"auto","background-attachment":"scroll","background-type":"","background-media":"","overlay-type":"","overlay-color":"","overlay-opacity":"","overlay-gradient":""}},"footnotes":""},"class_list":["post-175","page","type-page","status-publish","hentry"],"_links":{"self":[{"href":"https:\/\/emiratesmotors.es\/index.php\/wp-json\/wp\/v2\/pages\/175","targetHints":{"allow":["GET"]}}],"collection":[{"href":"https:\/\/emiratesmotors.es\/index.php\/wp-json\/wp\/v2\/pages"}],"about":[{"href":"https:\/\/emiratesmotors.es\/index.php\/wp-json\/wp\/v2\/types\/page"}],"author":[{"embeddable":true,"href":"https:\/\/emiratesmotors.es\/index.php\/wp-json\/wp\/v2\/users\/2"}],"replies":[{"embeddable":true,"href":"https:\/\/emiratesmotors.es\/index.php\/wp-json\/wp\/v2\/comments?post=175"}],"version-history":[{"count":6,"href":"https:\/\/emiratesmotors.es\/index.php\/wp-json\/wp\/v2\/pages\/175\/revisions"}],"predecessor-version":[{"id":283,"href":"https:\/\/emiratesmotors.es\/index.php\/wp-json\/wp\/v2\/pages\/175\/revisions\/283"}],"wp:attachment":[{"href":"https:\/\/emiratesmotors.es\/index.php\/wp-json\/wp\/v2\/media?parent=175"}],"curies":[{"name":"wp","href":"https:\/\/api.w.org\/{rel}","templated":true}]}}